{"id":6836,"date":"2025-10-24T13:40:06","date_gmt":"2025-10-24T13:40:06","guid":{"rendered":"https:\/\/www.mallorcaclassiccartour.com\/producto\/bono-diario-sabado-16\/"},"modified":"2025-10-24T15:36:03","modified_gmt":"2025-10-24T15:36:03","slug":"bono-diario-sabado-16","status":"publish","type":"product","link":"https:\/\/www.mallorcaclassiccartour.com\/de\/producto\/bono-diario-sabado-16\/","title":{"rendered":"TAGESGUTSCHEIN \u2013 SAMSTAG, 16."},"content":{"rendered":"<p class=\"price-note\"><strong>Beinhaltet:<\/strong><\/p>\n<ul>\n<li>Preis pro Fahrzeug mit zwei Personen.<\/li>\n<li>Unterkunft nicht inbegriffen.<\/li>\n<li>Besuch und Mittagessen im Kloster Miramar (Tag 16).<\/li>\n<li>Puig Major Revival Bergrennen (Tag 16).<\/li>\n<li>Ausgearbeitete Routen.<\/li>\n<li>Roadbook.<\/li>\n<li>Fahrzeugplaketten und Aufkleber.<\/li>\n<li>Pannenhilfe w\u00e4hrend der gesamten Route.<\/li>\n<li>Gleichm\u00e4\u00dfigkeitspr\u00fcfungen.<\/li>\n<li>Herausforderungspr\u00fcfungen.<\/li>\n<li>Installation eines Transponders im Fahrzeug w\u00e4hrend der gesamten Tour.<\/li>\n<\/ul>\n","protected":false},"excerpt":{"rendered":"<p>Beinhaltet: Preis pro Fahrzeug mit zwei Personen. Unterkunft nicht inbegriffen. Besuch und Mittagessen im Kloster Miramar (Tag 16). Puig Major Revival Bergrennen (Tag 16). Ausgearbeitete Routen. Roadbook. Fahrzeugplaketten und Aufkleber. Pannenhilfe w\u00e4hrend der gesamten Route. Gleichm\u00e4\u00dfigkeitspr\u00fcfungen. Herausforderungspr\u00fcfungen. Installation eines Transponders im Fahrzeug w\u00e4hrend der gesamten Tour.<\/p>\n","protected":false},"featured_media":6559,"template":"","meta":{"_acf_changed":false},"product_brand":[],"product_cat":[76,72],"product_tag":[],"class_list":{"0":"post-6836","1":"product","2":"type-product","3":"status-publish","4":"has-post-thumbnail","6":"product_cat-4-bono-diario-sabado-16-aleman","7":"product_cat-aleman","9":"first","10":"instock","11":"taxable","12":"shipping-taxable","13":"purchasable","14":"product-type-simple"},"acf":[],"_links":{"self":[{"href":"https:\/\/www.mallorcaclassiccartour.com\/de\/wp-json\/wp\/v2\/product\/6836","targetHints":{"allow":["GET"]}}],"collection":[{"href":"https:\/\/www.mallorcaclassiccartour.com\/de\/wp-json\/wp\/v2\/product"}],"about":[{"href":"https:\/\/www.mallorcaclassiccartour.com\/de\/wp-json\/wp\/v2\/types\/product"}],"wp:featuredmedia":[{"embeddable":true,"href":"https:\/\/www.mallorcaclassiccartour.com\/de\/wp-json\/wp\/v2\/media\/6559"}],"wp:attachment":[{"href":"https:\/\/www.mallorcaclassiccartour.com\/de\/wp-json\/wp\/v2\/media?parent=6836"}],"wp:term":[{"taxonomy":"product_brand","embeddable":true,"href":"https:\/\/www.mallorcaclassiccartour.com\/de\/wp-json\/wp\/v2\/product_brand?post=6836"},{"taxonomy":"product_cat","embeddable":true,"href":"https:\/\/www.mallorcaclassiccartour.com\/de\/wp-json\/wp\/v2\/product_cat?post=6836"},{"taxonomy":"product_tag","embeddable":true,"href":"https:\/\/www.mallorcaclassiccartour.com\/de\/wp-json\/wp\/v2\/product_tag?post=6836"}],"curies":[{"name":"wp","href":"https:\/\/api.w.org\/{rel}","templated":true}]}}