{"id":6835,"date":"2025-10-24T13:39:01","date_gmt":"2025-10-24T13:39:01","guid":{"rendered":"https:\/\/www.mallorcaclassiccartour.com\/producto\/bono-diario\/"},"modified":"2025-10-24T15:34:41","modified_gmt":"2025-10-24T15:34:41","slug":"bono-diario","status":"publish","type":"product","link":"https:\/\/www.mallorcaclassiccartour.com\/de\/producto\/bono-diario\/","title":{"rendered":"TAGESGUTSCHEIN \u2013 FREITAG, 15."},"content":{"rendered":"<p class=\"price-note\"><strong>Beinhaltet:<\/strong><\/p>\n<ul>\n<li>Preis pro Fahrzeug mit zwei Personen.<\/li>\n<li>Unterkunft nicht inbegriffen.<\/li>\n<li>Brunch im Club de Mar-Mallorca (Tag 15).<\/li>\n<li>Besuch und Mittagessen in Aubocassa (Tag 15).<\/li>\n<li>Ausgearbeitete Routen.<\/li>\n<li>Roadbook.<\/li>\n<li>Fahrzeugplaketten und Aufkleber.<\/li>\n<li>Pannenhilfe w\u00e4hrend der gesamten Route.<\/li>\n<li>Gleichm\u00e4\u00dfigkeitspr\u00fcfungen.<\/li>\n<li>Herausforderungspr\u00fcfungen.<\/li>\n<li>Installation eines Transponders im Fahrzeug w\u00e4hrend der gesamten Tour.<\/li>\n<\/ul>\n","protected":false},"excerpt":{"rendered":"<p>Beinhaltet: Preis pro Fahrzeug mit zwei Personen. Unterkunft nicht inbegriffen. Brunch im Club de Mar-Mallorca (Tag 15). Besuch und Mittagessen in Aubocassa (Tag 15). Ausgearbeitete Routen. Roadbook. Fahrzeugplaketten und Aufkleber. Pannenhilfe w\u00e4hrend der gesamten Route. Gleichm\u00e4\u00dfigkeitspr\u00fcfungen. Herausforderungspr\u00fcfungen. Installation eines Transponders im Fahrzeug w\u00e4hrend der gesamten Tour.<\/p>\n","protected":false},"featured_media":5831,"template":"","meta":{"_acf_changed":false},"product_brand":[],"product_cat":[75,72],"product_tag":[],"class_list":{"0":"post-6835","1":"product","2":"type-product","3":"status-publish","4":"has-post-thumbnail","6":"product_cat-3-bono-diario-viernes-15-aleman","7":"product_cat-aleman","9":"first","10":"instock","11":"taxable","12":"shipping-taxable","13":"purchasable","14":"product-type-simple"},"acf":[],"_links":{"self":[{"href":"https:\/\/www.mallorcaclassiccartour.com\/de\/wp-json\/wp\/v2\/product\/6835","targetHints":{"allow":["GET"]}}],"collection":[{"href":"https:\/\/www.mallorcaclassiccartour.com\/de\/wp-json\/wp\/v2\/product"}],"about":[{"href":"https:\/\/www.mallorcaclassiccartour.com\/de\/wp-json\/wp\/v2\/types\/product"}],"wp:featuredmedia":[{"embeddable":true,"href":"https:\/\/www.mallorcaclassiccartour.com\/de\/wp-json\/wp\/v2\/media\/5831"}],"wp:attachment":[{"href":"https:\/\/www.mallorcaclassiccartour.com\/de\/wp-json\/wp\/v2\/media?parent=6835"}],"wp:term":[{"taxonomy":"product_brand","embeddable":true,"href":"https:\/\/www.mallorcaclassiccartour.com\/de\/wp-json\/wp\/v2\/product_brand?post=6835"},{"taxonomy":"product_cat","embeddable":true,"href":"https:\/\/www.mallorcaclassiccartour.com\/de\/wp-json\/wp\/v2\/product_cat?post=6835"},{"taxonomy":"product_tag","embeddable":true,"href":"https:\/\/www.mallorcaclassiccartour.com\/de\/wp-json\/wp\/v2\/product_tag?post=6835"}],"curies":[{"name":"wp","href":"https:\/\/api.w.org\/{rel}","templated":true}]}}