{"id":6834,"date":"2025-10-24T11:03:37","date_gmt":"2025-10-24T11:03:37","guid":{"rendered":"https:\/\/www.mallorcaclassiccartour.com\/producto\/bono-3-dias\/"},"modified":"2025-10-24T15:32:57","modified_gmt":"2025-10-24T15:32:57","slug":"bono-3-dias","status":"publish","type":"product","link":"https:\/\/www.mallorcaclassiccartour.com\/de\/producto\/bono-3-dias\/","title":{"rendered":"BUCHUNG 3-TAGE-GUTSCHEIN"},"content":{"rendered":"<p class=\"price-note\"><strong>Beinhaltet:<\/strong><\/p>\n<ul>\n<li>Wochenende von\u00a0<strong>Freitag, 15.<\/strong>\u00a0bis\u00a0<strong>Sonntag, 17.<\/strong>\u00a0Mai 2026.<\/li>\n<li>Preis pro Fahrzeug mit zwei Personen im Doppelzimmer.<\/li>\n<li>2 \u00dcbernachtungen im Agrotourismus Sa Franquesa Nova mit Halbpension (Fr\u00fchst\u00fcck und Abendessen inklusive).<\/li>\n<li>Brunch im Club de Mar-Mallorca (Tag 15).<\/li>\n<li>Besuch und Mittagessen in Aubocassa (Tag 15).<\/li>\n<li>Besuch und Mittagessen im Kloster Miramar (Tag 16).<\/li>\n<li>Puig Major Revival Bergrennen (Tag 16).<\/li>\n<li>Abschlussfeier \u2013 2. Ausgabe MCCT Exclusive White Party (Tag 17).<\/li>\n<li>Ausgearbeitete Routen.<\/li>\n<li>Roadbook.<\/li>\n<li>Fahrzeugplaketten und Aufkleber.<\/li>\n<li>Pannenhilfe w\u00e4hrend der gesamten Route.<\/li>\n<li>Gleichm\u00e4\u00dfigkeitspr\u00fcfungen.<\/li>\n<li>Herausforderungspr\u00fcfungen.<\/li>\n<li>Installation eines Transponders im Fahrzeug w\u00e4hrend der gesamten Tour.<\/li>\n<li>Willkommenspaket mit Annehmlichkeiten.<\/li>\n<\/ul>\n","protected":false},"excerpt":{"rendered":"<p>Beinhaltet: Wochenende von\u00a0Freitag, 15.\u00a0bis\u00a0Sonntag, 17.\u00a0Mai 2026. Preis pro Fahrzeug mit zwei Personen im Doppelzimmer. 2 \u00dcbernachtungen im Agrotourismus Sa Franquesa Nova mit Halbpension (Fr\u00fchst\u00fcck und Abendessen inklusive). Brunch im Club de Mar-Mallorca (Tag 15). Besuch und Mittagessen in Aubocassa (Tag 15). Besuch und Mittagessen im Kloster Miramar (Tag 16). Puig Major Revival Bergrennen (Tag 16). [&hellip;]<\/p>\n","protected":false},"featured_media":4564,"template":"","meta":{"_acf_changed":false},"product_brand":[],"product_cat":[74,72],"product_tag":[],"class_list":{"0":"post-6834","1":"product","2":"type-product","3":"status-publish","4":"has-post-thumbnail","6":"product_cat-eliminar-el-termino-2-bono-tres-dias-aleman-2-bono-tres-dias-aleman","7":"product_cat-aleman","9":"first","10":"instock","11":"taxable","12":"shipping-taxable","13":"purchasable","14":"product-type-simple"},"acf":[],"_links":{"self":[{"href":"https:\/\/www.mallorcaclassiccartour.com\/de\/wp-json\/wp\/v2\/product\/6834","targetHints":{"allow":["GET"]}}],"collection":[{"href":"https:\/\/www.mallorcaclassiccartour.com\/de\/wp-json\/wp\/v2\/product"}],"about":[{"href":"https:\/\/www.mallorcaclassiccartour.com\/de\/wp-json\/wp\/v2\/types\/product"}],"wp:featuredmedia":[{"embeddable":true,"href":"https:\/\/www.mallorcaclassiccartour.com\/de\/wp-json\/wp\/v2\/media\/4564"}],"wp:attachment":[{"href":"https:\/\/www.mallorcaclassiccartour.com\/de\/wp-json\/wp\/v2\/media?parent=6834"}],"wp:term":[{"taxonomy":"product_brand","embeddable":true,"href":"https:\/\/www.mallorcaclassiccartour.com\/de\/wp-json\/wp\/v2\/product_brand?post=6834"},{"taxonomy":"product_cat","embeddable":true,"href":"https:\/\/www.mallorcaclassiccartour.com\/de\/wp-json\/wp\/v2\/product_cat?post=6834"},{"taxonomy":"product_tag","embeddable":true,"href":"https:\/\/www.mallorcaclassiccartour.com\/de\/wp-json\/wp\/v2\/product_tag?post=6834"}],"curies":[{"name":"wp","href":"https:\/\/api.w.org\/{rel}","templated":true}]}}